{"id":5052,"date":"2021-03-17T13:34:15","date_gmt":"2021-03-17T12:34:15","guid":{"rendered":"https:\/\/steffiduesterhoeft.com\/home\/"},"modified":"2026-02-25T22:51:58","modified_gmt":"2026-02-25T21:51:58","slug":"home","status":"publish","type":"page","link":"https:\/\/steffiduesterhoeft.com\/en\/","title":{"rendered":"Home"},"content":{"rendered":"\t\t<div data-elementor-type=\"wp-page\" data-elementor-id=\"5052\" class=\"elementor elementor-5052 elementor-47\" data-elementor-settings=\"{&quot;ha_cmc_init_switcher&quot;:&quot;no&quot;}\" data-elementor-post-type=\"page\">\n\t\t\t\t\t\t<section class=\"elementor-section elementor-top-section elementor-element elementor-element-c0ce2e6 elementor-section-boxed elementor-section-height-default elementor-section-height-default\" data-id=\"c0ce2e6\" data-element_type=\"section\" data-e-type=\"section\" data-settings=\"{&quot;_ha_eqh_enable&quot;:false}\">\n\t\t\t\t\t\t<div class=\"elementor-container elementor-column-gap-wider\">\n\t\t\t\t\t<div class=\"elementor-column elementor-col-100 elementor-top-column elementor-element elementor-element-3218883\" data-id=\"3218883\" data-element_type=\"column\" data-e-type=\"column\">\n\t\t\t<div class=\"elementor-widget-wrap elementor-element-populated\">\n\t\t\t\t\t\t<div class=\"elementor-element elementor-element-fb7dc87 elementor-widget elementor-widget-heading\" data-id=\"fb7dc87\" data-element_type=\"widget\" data-e-type=\"widget\" data-widget_type=\"heading.default\">\n\t\t\t\t<div class=\"elementor-widget-container\">\n\t\t\t\t\t<h2 class=\"elementor-heading-title elementor-size-default\">Quiet Art<\/h2>\t\t\t\t<\/div>\n\t\t\t\t<\/div>\n\t\t\t\t<div class=\"elementor-element elementor-element-686554f elementor-widget elementor-widget-image\" data-id=\"686554f\" data-element_type=\"widget\" data-e-type=\"widget\" data-widget_type=\"image.default\">\n\t\t\t\t<div class=\"elementor-widget-container\">\n\t\t\t\t\t\t\t\t\t\t\t\t<figure class=\"wp-caption\">\n\t\t\t\t\t\t\t\t\t\t\t<a href=\"https:\/\/steffiduesterhoeft.com\/en\/gallery\/\">\n\t\t\t\t\t\t\t<img decoding=\"async\" src=\"https:\/\/steffiduesterhoeft.com\/wp-content\/uploads\/2025\/03\/Butterfly-in-Rio-Steffi-Duesterhoeft-2024-100x150cm.jpg\" title=\"\" alt=\"Butterfly in Rio ist ein Gem\u00e4lde mit frei flie\u00dfendem Pinselduktus in den Pastellfarben magenta und einem Hauch von silbrig irrisierendem wei\u00df. Leicht und sinnlich.\" loading=\"lazy\" \/>\t\t\t\t\t\t\t\t<\/a>\n\t\t\t\t\t\t\t\t\t\t\t<figcaption class=\"widget-image-caption wp-caption-text\">Butterfly in Rio<\/figcaption>\n\t\t\t\t\t\t\t\t\t\t<\/figure>\n\t\t\t\t\t\t\t\t\t<\/div>\n\t\t\t\t<\/div>\n\t\t\t\t\t<\/div>\n\t\t<\/div>\n\t\t\t\t\t<\/div>\n\t\t<\/section>\n\t\t\t\t<section class=\"elementor-section elementor-top-section elementor-element elementor-element-51daa97 elementor-section-boxed elementor-section-height-default elementor-section-height-default\" data-id=\"51daa97\" data-element_type=\"section\" data-e-type=\"section\" data-settings=\"{&quot;_ha_eqh_enable&quot;:false}\">\n\t\t\t\t\t\t<div class=\"elementor-container elementor-column-gap-wider\">\n\t\t\t\t\t<div class=\"elementor-column elementor-col-100 elementor-top-column elementor-element elementor-element-a7cf8ca\" data-id=\"a7cf8ca\" data-element_type=\"column\" data-e-type=\"column\">\n\t\t\t<div class=\"elementor-widget-wrap elementor-element-populated\">\n\t\t\t\t\t\t<div class=\"elementor-element elementor-element-254bdda elementor-widget elementor-widget-heading\" data-id=\"254bdda\" data-element_type=\"widget\" data-e-type=\"widget\" data-widget_type=\"heading.default\">\n\t\t\t\t<div class=\"elementor-widget-container\">\n\t\t\t\t\t<h1 class=\"elementor-heading-title elementor-size-default\">Exhibitions<\/h1>\t\t\t\t<\/div>\n\t\t\t\t<\/div>\n\t\t\t\t\t<\/div>\n\t\t<\/div>\n\t\t\t\t\t<\/div>\n\t\t<\/section>\n\t\t\t\t<section class=\"elementor-section elementor-top-section elementor-element elementor-element-9e37ea0 elementor-section-boxed elementor-section-height-default elementor-section-height-default\" data-id=\"9e37ea0\" data-element_type=\"section\" data-e-type=\"section\" data-settings=\"{&quot;_ha_eqh_enable&quot;:false}\">\n\t\t\t\t\t\t<div class=\"elementor-container elementor-column-gap-wider\">\n\t\t\t\t\t<div class=\"elementor-column elementor-col-50 elementor-top-column elementor-element elementor-element-ff3c488\" data-id=\"ff3c488\" data-element_type=\"column\" data-e-type=\"column\">\n\t\t\t<div class=\"elementor-widget-wrap elementor-element-populated\">\n\t\t\t\t\t\t<div class=\"elementor-element elementor-element-690bc68 elementor-widget elementor-widget-ucaddon_masonry_post_grid\" data-id=\"690bc68\" data-element_type=\"widget\" data-e-type=\"widget\" data-widget_type=\"ucaddon_masonry_post_grid.default\">\n\t\t\t\t<div class=\"elementor-widget-container\">\n\t\t\t\t\t\n<!-- start Masonry Post Grid -->\n<style>\/* widget: Masonry Post Grid *\/\n\n#uc_masonry_post_grid_elementor_690bc68 { \n    \n    padding: 0;\n  position:relative;\n    \n}\n#uc_masonry_post_grid_elementor_690bc68 .masonryPostGridItem {\n    display: block;\n    background: #fff;\n    width: 100%;\n    box-sizing: border-box;\n    box-sizing:border-box;\n    overflow:hidden;\n    position:absolute;\n}\n\n#uc_masonry_post_grid_elementor_690bc68 .masonryPostGridItem a:hover {\n  text-decoration: none;\n  color: inherit;\n}\n\n#uc_masonry_post_grid_elementor_690bc68 .masonryPostGridItemInner\n{\n  position:relative;\n}\n\n\n\n#uc_masonry_post_grid_elementor_690bc68 .masonryPostGridItem img{width:100%; display:block;}\n\n\n\n\n#uc_masonry_post_grid_elementor_690bc68  .ue-item-image-wrap\n{\n  position:relative;\n}\n\n\n#uc_masonry_post_grid_elementor_690bc68 .masonryPostGridItemContent\n{\n\n  transition:0.4s;\n}\n\n#uc_masonry_post_grid_elementor_690bc68 .masonryPostGridItemTitle\n{\n\n  transition:0.4s;\n  text-decoration:none;\n}\n\n#uc_masonry_post_grid_elementor_690bc68 .masonryPostGridItemText\n{\n\n  transition:0.4s;\n}\n\n#uc_masonry_post_grid_elementor_690bc68 .masonryPostGridItemButton\n{\n  display:inline-block;\n}\n\n\n\t\n\n\n\n\n<\/style>\n\n<div id=\"uc_masonry_post_grid_elementor_690bc68\" class=\"masonryPostGrid uc-items-wrapper uc-filterable-grid\"  data-ajax='true'  data-filterbehave='ajax'  querydata='{&quot;count_posts&quot;:0,&quot;total_posts&quot;:0,&quot;page&quot;:1,&quot;num_pages&quot;:1,&quot;orderby&quot;:&quot;date&quot;,&quot;orderdir&quot;:&quot;asc&quot;}'>  \n  \n<\/div>\n<!-- end Masonry Post Grid -->\t\t\t\t<\/div>\n\t\t\t\t<\/div>\n\t\t\t\t\t<\/div>\n\t\t<\/div>\n\t\t\t\t<div class=\"elementor-column elementor-col-50 elementor-top-column elementor-element elementor-element-a003248\" data-id=\"a003248\" data-element_type=\"column\" data-e-type=\"column\">\n\t\t\t<div class=\"elementor-widget-wrap elementor-element-populated\">\n\t\t\t\t\t\t<div class=\"elementor-element elementor-element-cf43e13 elementor-widget elementor-widget-heading\" data-id=\"cf43e13\" data-element_type=\"widget\" data-e-type=\"widget\" data-widget_type=\"heading.default\">\n\t\t\t\t<div class=\"elementor-widget-container\">\n\t\t\t\t\t<h2 class=\"elementor-heading-title elementor-size-default\">Next<\/h2>\t\t\t\t<\/div>\n\t\t\t\t<\/div>\n\t\t\t\t<div class=\"elementor-element elementor-element-f378ad6 elementor-widget elementor-widget-ucaddon_masonry_post_grid\" data-id=\"f378ad6\" data-element_type=\"widget\" data-e-type=\"widget\" data-widget_type=\"ucaddon_masonry_post_grid.default\">\n\t\t\t\t<div class=\"elementor-widget-container\">\n\t\t\t\t\t\n<!-- start Masonry Post Grid -->\n<style>\/* widget: Masonry Post Grid *\/\n\n#uc_masonry_post_grid_elementor_f378ad6 { \n    \n    padding: 0;\n  position:relative;\n    \n}\n#uc_masonry_post_grid_elementor_f378ad6 .masonryPostGridItem {\n    display: block;\n    background: #fff;\n    width: 100%;\n    box-sizing: border-box;\n    box-sizing:border-box;\n    overflow:hidden;\n    position:absolute;\n}\n\n#uc_masonry_post_grid_elementor_f378ad6 .masonryPostGridItem a:hover {\n  text-decoration: none;\n  color: inherit;\n}\n\n#uc_masonry_post_grid_elementor_f378ad6 .masonryPostGridItemInner\n{\n  position:relative;\n}\n\n\n\n#uc_masonry_post_grid_elementor_f378ad6 .masonryPostGridItem img{width:100%; display:block;}\n\n\n\n\n#uc_masonry_post_grid_elementor_f378ad6  .ue-item-image-wrap\n{\n  position:relative;\n}\n\n\n#uc_masonry_post_grid_elementor_f378ad6 .masonryPostGridItemContent\n{\n\n  transition:0.4s;\n}\n\n#uc_masonry_post_grid_elementor_f378ad6 .masonryPostGridItemTitle\n{\n\n  transition:0.4s;\n  text-decoration:none;\n}\n\n#uc_masonry_post_grid_elementor_f378ad6 .masonryPostGridItemText\n{\n\n  transition:0.4s;\n}\n\n#uc_masonry_post_grid_elementor_f378ad6 .masonryPostGridItemButton\n{\n  display:inline-block;\n}\n\n\n\t\n\n\n\n\n<\/style>\n\n<div id=\"uc_masonry_post_grid_elementor_f378ad6\" class=\"masonryPostGrid uc-items-wrapper uc-filterable-grid\"  data-ajax='true'  data-filterbehave='ajax'  querydata='{&quot;count_posts&quot;:1,&quot;total_posts&quot;:1,&quot;page&quot;:1,&quot;num_pages&quot;:1,&quot;orderby&quot;:&quot;date&quot;,&quot;orderdir&quot;:&quot;asc&quot;}'>  \n  <div class=\"masonryPostGridItem\" >\n  <div class=\"masonryPostGridItemInner\" >\n  <a href=\"https:\/\/steffiduesterhoeft.com\/en\/exhibitions\/gallery-weekend-berlin\/\">    <div class=\"ue-item-image-wrap\">\n       <img decoding=\"async\" src=\"\" > \n    <\/div>\n  \n    <div class=\"masonryPostGridItemContent\">\n          \n       <h2 class=\"masonryPostGridItemTitle\">\n          Gallery Weekend Berlin\n        <\/h2>\n      \n          <div><\/div>\n      <div><\/div>\n      <div><\/div>\n      <div>1 \u2013 3 May 2026<\/div>\n      <div style=\"font-size: 75%; line-height: 1.3; margin-top: 6px\">Berlin <\/div>\n            \n      <\/div>\n    <\/a>\t<\/div>\n<\/div>\n<!-- end of item -->\n\n<\/div>\n<!-- end Masonry Post Grid -->\t\t\t\t<\/div>\n\t\t\t\t<\/div>\n\t\t\t\t\t<\/div>\n\t\t<\/div>\n\t\t\t\t\t<\/div>\n\t\t<\/section>\n\t\t\t\t<section class=\"elementor-section elementor-top-section elementor-element elementor-element-262eb0f elementor-section-boxed elementor-section-height-default elementor-section-height-default\" data-id=\"262eb0f\" data-element_type=\"section\" data-e-type=\"section\" data-settings=\"{&quot;_ha_eqh_enable&quot;:false}\">\n\t\t\t\t\t\t<div class=\"elementor-container elementor-column-gap-wider\">\n\t\t\t\t\t<div class=\"elementor-column elementor-col-100 elementor-top-column elementor-element elementor-element-e8e02e9\" data-id=\"e8e02e9\" data-element_type=\"column\" data-e-type=\"column\">\n\t\t\t<div class=\"elementor-widget-wrap elementor-element-populated\">\n\t\t\t\t\t\t<div class=\"elementor-element elementor-element-86826d0 elementor-widget-divider--view-line elementor-widget elementor-widget-divider\" data-id=\"86826d0\" data-element_type=\"widget\" data-e-type=\"widget\" data-widget_type=\"divider.default\">\n\t\t\t\t<div class=\"elementor-widget-container\">\n\t\t\t\t\t\t\t<div class=\"elementor-divider\">\n\t\t\t<span class=\"elementor-divider-separator\">\n\t\t\t\t\t\t<\/span>\n\t\t<\/div>\n\t\t\t\t\t\t<\/div>\n\t\t\t\t<\/div>\n\t\t\t\t<div class=\"elementor-element elementor-element-a5103e8 elementor-widget elementor-widget-heading\" data-id=\"a5103e8\" data-element_type=\"widget\" data-e-type=\"widget\" data-widget_type=\"heading.default\">\n\t\t\t\t<div class=\"elementor-widget-container\">\n\t\t\t\t\t<h1 class=\"elementor-heading-title elementor-size-default\">About<\/h1>\t\t\t\t<\/div>\n\t\t\t\t<\/div>\n\t\t\t\t<div class=\"elementor-element elementor-element-eabfe50 elementor-widget__width-initial elementor-widget elementor-widget-text-editor\" data-id=\"eabfe50\" data-element_type=\"widget\" data-e-type=\"widget\" data-widget_type=\"text-editor.default\">\n\t\t\t\t<div class=\"elementor-widget-container\">\n\t\t\t\t\t\t\t\t\tExpanding Space \u2013 curiosity and lightness \u2013 non-judgmental being \u2013 innovation and creativity \u2013 seeing what is there and making contact \u2013 awake and present in every moment \u2013 clear and compassionate \u2013 connected with oneself and the world. Being there. In the adventure of not knowing \u2013 perceiving the unknown attentively and consciously \u2013 seeing what appears, free from preconceptions. Life is risk and development \u2013 being alive, feeling&#8230; Accepting light and shadow. Courage to follow your own path. Wholly and completely.<br><br>In my pictures, I collect moments \u2013 short and long \u2013 from the ongoing process of change and connection. In the emptiness, I feel energy, vibration, time and rhythm. State and space become tangible and that which lies above everything \u2013 the focus is on opening up to the positive \u2013 to light, healing and inner space \u2013 to the new and unknown. Body and soul resonate with the images. Harmony and clarity spread. I understand my work as \u2018slow art\u2019 because its effect unfolds slowly.<br><br>Calm. Strength. Peace.\t\t\t\t\t\t\t\t<\/div>\n\t\t\t\t<\/div>\n\t\t\t\t<div class=\"elementor-element elementor-element-6b125d6 elementor-align-center elementor-widget elementor-widget-button\" data-id=\"6b125d6\" data-element_type=\"widget\" data-e-type=\"widget\" data-widget_type=\"button.default\">\n\t\t\t\t<div class=\"elementor-widget-container\">\n\t\t\t\t\t\t\t\t\t<div class=\"elementor-button-wrapper\">\n\t\t\t\t\t<a class=\"elementor-button elementor-button-link elementor-size-sm\" href=\"https:\/\/steffiduesterhoeft.com\/en\/artist\/\">\n\t\t\t\t\t\t<span class=\"elementor-button-content-wrapper\">\n\t\t\t\t\t\t\t\t\t<span class=\"elementor-button-text\">Read More<\/span>\n\t\t\t\t\t<\/span>\n\t\t\t\t\t<\/a>\n\t\t\t\t<\/div>\n\t\t\t\t\t\t\t\t<\/div>\n\t\t\t\t<\/div>\n\t\t\t\t\t<\/div>\n\t\t<\/div>\n\t\t\t\t\t<\/div>\n\t\t<\/section>\n\t\t\t\t<section class=\"elementor-section elementor-top-section elementor-element elementor-element-6f2fa01 elementor-section-boxed elementor-section-height-default elementor-section-height-default\" data-id=\"6f2fa01\" data-element_type=\"section\" data-e-type=\"section\" data-settings=\"{&quot;_ha_eqh_enable&quot;:false}\">\n\t\t\t\t\t\t<div class=\"elementor-container elementor-column-gap-default\">\n\t\t\t\t\t<div class=\"elementor-column elementor-col-100 elementor-top-column elementor-element elementor-element-d4be87c\" data-id=\"d4be87c\" data-element_type=\"column\" data-e-type=\"column\">\n\t\t\t<div class=\"elementor-widget-wrap\">\n\t\t\t\t\t\t\t<\/div>\n\t\t<\/div>\n\t\t\t\t\t<\/div>\n\t\t<\/section>\n\t\t\t\t<\/div>\n\t\t","protected":false},"excerpt":{"rendered":"<p>Quiet Art Butterfly in Rio Exhibitions Next About Expanding Space \u2013 curiosity and lightness \u2013 non-judgmental being \u2013 innovation and creativity \u2013 seeing what is there and making contact \u2013 awake and present in every moment \u2013 clear and compassionate \u2013 connected with oneself and the world. Being there. In the adventure of not knowing [&hellip;]<\/p>\n","protected":false},"author":2,"featured_media":0,"parent":0,"menu_order":10,"comment_status":"closed","ping_status":"closed","template":"","meta":{"_acf_changed":false,"footnotes":""},"class_list":["post-5052","page","type-page","status-publish","hentry"],"acf":[],"yoast_head":"<!-- This site is optimized with the Yoast SEO plugin v27.4 - https:\/\/yoast.com\/product\/yoast-seo-wordpress\/ -->\n<title>Home - Steffi D\u00fcsterh\u00f6ft<\/title>\n<meta name=\"robots\" content=\"index, follow, max-snippet:-1, max-image-preview:large, max-video-preview:-1\" \/>\n<link rel=\"canonical\" href=\"https:\/\/steffiduesterhoeft.com\/en\/\" \/>\n<meta property=\"og:locale\" content=\"en_US\" \/>\n<meta property=\"og:type\" content=\"article\" \/>\n<meta property=\"og:title\" content=\"Home - Steffi D\u00fcsterh\u00f6ft\" \/>\n<meta property=\"og:description\" content=\"Quiet Art Butterfly in Rio Exhibitions Next About Expanding Space \u2013 curiosity and lightness \u2013 non-judgmental being \u2013 innovation and creativity \u2013 seeing what is there and making contact \u2013 awake and present in every moment \u2013 clear and compassionate \u2013 connected with oneself and the world. Being there. In the adventure of not knowing [&hellip;]\" \/>\n<meta property=\"og:url\" content=\"https:\/\/steffiduesterhoeft.com\/en\/\" \/>\n<meta property=\"og:site_name\" content=\"Steffi D\u00fcsterh\u00f6ft\" \/>\n<meta property=\"article:modified_time\" content=\"2026-02-25T21:51:58+00:00\" \/>\n<meta property=\"og:image\" content=\"https:\/\/steffiduesterhoeft.com\/wp-content\/uploads\/2025\/03\/Butterfly-in-Rio-Steffi-Duesterhoeft-2024-100x150cm.jpg\" \/>\n<meta name=\"twitter:card\" content=\"summary_large_image\" \/>\n<meta name=\"twitter:label1\" content=\"Est. reading time\" \/>\n\t<meta name=\"twitter:data1\" content=\"1 minute\" \/>\n<script type=\"application\/ld+json\" class=\"yoast-schema-graph\">{\"@context\":\"https:\\\/\\\/schema.org\",\"@graph\":[{\"@type\":\"WebPage\",\"@id\":\"https:\\\/\\\/steffiduesterhoeft.com\\\/en\\\/\",\"url\":\"https:\\\/\\\/steffiduesterhoeft.com\\\/en\\\/\",\"name\":\"Home - Steffi D\u00fcsterh\u00f6ft\",\"isPartOf\":{\"@id\":\"https:\\\/\\\/steffiduesterhoeft.com\\\/en\\\/#website\"},\"primaryImageOfPage\":{\"@id\":\"https:\\\/\\\/steffiduesterhoeft.com\\\/en\\\/#primaryimage\"},\"image\":{\"@id\":\"https:\\\/\\\/steffiduesterhoeft.com\\\/en\\\/#primaryimage\"},\"thumbnailUrl\":\"https:\\\/\\\/steffiduesterhoeft.com\\\/wp-content\\\/uploads\\\/2025\\\/03\\\/Butterfly-in-Rio-Steffi-Duesterhoeft-2024-100x150cm.jpg\",\"datePublished\":\"2021-03-17T12:34:15+00:00\",\"dateModified\":\"2026-02-25T21:51:58+00:00\",\"breadcrumb\":{\"@id\":\"https:\\\/\\\/steffiduesterhoeft.com\\\/en\\\/#breadcrumb\"},\"inLanguage\":\"en-US\",\"potentialAction\":[{\"@type\":\"ReadAction\",\"target\":[\"https:\\\/\\\/steffiduesterhoeft.com\\\/en\\\/\"]}]},{\"@type\":\"ImageObject\",\"inLanguage\":\"en-US\",\"@id\":\"https:\\\/\\\/steffiduesterhoeft.com\\\/en\\\/#primaryimage\",\"url\":\"https:\\\/\\\/steffiduesterhoeft.com\\\/wp-content\\\/uploads\\\/2025\\\/03\\\/Butterfly-in-Rio-Steffi-Duesterhoeft-2024-100x150cm.jpg\",\"contentUrl\":\"https:\\\/\\\/steffiduesterhoeft.com\\\/wp-content\\\/uploads\\\/2025\\\/03\\\/Butterfly-in-Rio-Steffi-Duesterhoeft-2024-100x150cm.jpg\"},{\"@type\":\"BreadcrumbList\",\"@id\":\"https:\\\/\\\/steffiduesterhoeft.com\\\/en\\\/#breadcrumb\",\"itemListElement\":[{\"@type\":\"ListItem\",\"position\":1,\"name\":\"Home\",\"item\":\"https:\\\/\\\/steffiduesterhoeft.com\\\/en\\\/\"},{\"@type\":\"ListItem\",\"position\":2,\"name\":\"Home\"}]},{\"@type\":\"WebSite\",\"@id\":\"https:\\\/\\\/steffiduesterhoeft.com\\\/en\\\/#website\",\"url\":\"https:\\\/\\\/steffiduesterhoeft.com\\\/en\\\/\",\"name\":\"Steffi D\u00fcsterh\u00f6ft\",\"description\":\"\",\"potentialAction\":[{\"@type\":\"SearchAction\",\"target\":{\"@type\":\"EntryPoint\",\"urlTemplate\":\"https:\\\/\\\/steffiduesterhoeft.com\\\/en\\\/?s={search_term_string}\"},\"query-input\":{\"@type\":\"PropertyValueSpecification\",\"valueRequired\":true,\"valueName\":\"search_term_string\"}}],\"inLanguage\":\"en-US\"}]}<\/script>\n<!-- \/ Yoast SEO plugin. -->","yoast_head_json":{"title":"Home - Steffi D\u00fcsterh\u00f6ft","robots":{"index":"index","follow":"follow","max-snippet":"max-snippet:-1","max-image-preview":"max-image-preview:large","max-video-preview":"max-video-preview:-1"},"canonical":"https:\/\/steffiduesterhoeft.com\/en\/","og_locale":"en_US","og_type":"article","og_title":"Home - Steffi D\u00fcsterh\u00f6ft","og_description":"Quiet Art Butterfly in Rio Exhibitions Next About Expanding Space \u2013 curiosity and lightness \u2013 non-judgmental being \u2013 innovation and creativity \u2013 seeing what is there and making contact \u2013 awake and present in every moment \u2013 clear and compassionate \u2013 connected with oneself and the world. Being there. In the adventure of not knowing [&hellip;]","og_url":"https:\/\/steffiduesterhoeft.com\/en\/","og_site_name":"Steffi D\u00fcsterh\u00f6ft","article_modified_time":"2026-02-25T21:51:58+00:00","og_image":[{"url":"https:\/\/steffiduesterhoeft.com\/wp-content\/uploads\/2025\/03\/Butterfly-in-Rio-Steffi-Duesterhoeft-2024-100x150cm.jpg","type":"","width":"","height":""}],"twitter_card":"summary_large_image","twitter_misc":{"Est. reading time":"1 minute"},"schema":{"@context":"https:\/\/schema.org","@graph":[{"@type":"WebPage","@id":"https:\/\/steffiduesterhoeft.com\/en\/","url":"https:\/\/steffiduesterhoeft.com\/en\/","name":"Home - Steffi D\u00fcsterh\u00f6ft","isPartOf":{"@id":"https:\/\/steffiduesterhoeft.com\/en\/#website"},"primaryImageOfPage":{"@id":"https:\/\/steffiduesterhoeft.com\/en\/#primaryimage"},"image":{"@id":"https:\/\/steffiduesterhoeft.com\/en\/#primaryimage"},"thumbnailUrl":"https:\/\/steffiduesterhoeft.com\/wp-content\/uploads\/2025\/03\/Butterfly-in-Rio-Steffi-Duesterhoeft-2024-100x150cm.jpg","datePublished":"2021-03-17T12:34:15+00:00","dateModified":"2026-02-25T21:51:58+00:00","breadcrumb":{"@id":"https:\/\/steffiduesterhoeft.com\/en\/#breadcrumb"},"inLanguage":"en-US","potentialAction":[{"@type":"ReadAction","target":["https:\/\/steffiduesterhoeft.com\/en\/"]}]},{"@type":"ImageObject","inLanguage":"en-US","@id":"https:\/\/steffiduesterhoeft.com\/en\/#primaryimage","url":"https:\/\/steffiduesterhoeft.com\/wp-content\/uploads\/2025\/03\/Butterfly-in-Rio-Steffi-Duesterhoeft-2024-100x150cm.jpg","contentUrl":"https:\/\/steffiduesterhoeft.com\/wp-content\/uploads\/2025\/03\/Butterfly-in-Rio-Steffi-Duesterhoeft-2024-100x150cm.jpg"},{"@type":"BreadcrumbList","@id":"https:\/\/steffiduesterhoeft.com\/en\/#breadcrumb","itemListElement":[{"@type":"ListItem","position":1,"name":"Home","item":"https:\/\/steffiduesterhoeft.com\/en\/"},{"@type":"ListItem","position":2,"name":"Home"}]},{"@type":"WebSite","@id":"https:\/\/steffiduesterhoeft.com\/en\/#website","url":"https:\/\/steffiduesterhoeft.com\/en\/","name":"Steffi D\u00fcsterh\u00f6ft","description":"","potentialAction":[{"@type":"SearchAction","target":{"@type":"EntryPoint","urlTemplate":"https:\/\/steffiduesterhoeft.com\/en\/?s={search_term_string}"},"query-input":{"@type":"PropertyValueSpecification","valueRequired":true,"valueName":"search_term_string"}}],"inLanguage":"en-US"}]}},"_links":{"self":[{"href":"https:\/\/steffiduesterhoeft.com\/en\/wp-json\/wp\/v2\/pages\/5052","targetHints":{"allow":["GET"]}}],"collection":[{"href":"https:\/\/steffiduesterhoeft.com\/en\/wp-json\/wp\/v2\/pages"}],"about":[{"href":"https:\/\/steffiduesterhoeft.com\/en\/wp-json\/wp\/v2\/types\/page"}],"author":[{"embeddable":true,"href":"https:\/\/steffiduesterhoeft.com\/en\/wp-json\/wp\/v2\/users\/2"}],"replies":[{"embeddable":true,"href":"https:\/\/steffiduesterhoeft.com\/en\/wp-json\/wp\/v2\/comments?post=5052"}],"version-history":[{"count":42,"href":"https:\/\/steffiduesterhoeft.com\/en\/wp-json\/wp\/v2\/pages\/5052\/revisions"}],"predecessor-version":[{"id":9060,"href":"https:\/\/steffiduesterhoeft.com\/en\/wp-json\/wp\/v2\/pages\/5052\/revisions\/9060"}],"wp:attachment":[{"href":"https:\/\/steffiduesterhoeft.com\/en\/wp-json\/wp\/v2\/media?parent=5052"}],"curies":[{"name":"wp","href":"https:\/\/api.w.org\/{rel}","templated":true}]}}